{"id":3343,"date":"2026-04-20T08:27:39","date_gmt":"2026-04-20T08:27:39","guid":{"rendered":"https:\/\/cadelgrano.it\/deluxe-tripla-room\/"},"modified":"2026-04-20T08:27:39","modified_gmt":"2026-04-20T08:27:39","slug":"deluxe-tripla-room","status":"publish","type":"page","link":"https:\/\/cadelgrano.it\/en\/deluxe-tripla-room\/","title":{"rendered":"Deluxe tripla Room"},"content":{"rendered":"<p>[vc_row css=&#8221;.vc_custom_1776419882314{margin-top: 40px !important;margin-bottom: 40px !important;}&#8221;][vc_column]\t\t\n\t\t\t\t\t\n\t\t\t<!-- BEGIN .accommodation-block-wrapper -->\n\t\t\t<div class=\"accommodation-block-wrapper accommodation-2-cols shb-clearfix\">\n\t\t\t\n\t\t\t\t\n\t\t\t\t\t\n\t\t\t<!-- BEGIN .accommodation-block -->\n\t\t\t<div class=\"accommodation-block shb-clearfix\">\n\n\t\t\t\t<div class=\"accommodation-block-image\">\n\t\t\t\t\t\t\t\t\t\t\t<a href=\"https:\/\/cadelgrano.it\/en\/accommodation\/le-dame-room\/\" rel=\"bookmark\" title=\"Le Dame\">\n\t\t\t\t\t\t\t\t\t\t\t\t\t\t<img decoding=\"async\" src=\"https:\/\/cadelgrano.it\/wp-content\/uploads\/2018\/04\/Camera-Le-Dame-Ca-del-grano-Albergo-Diffuso-Bardi.jpg\" alt=\"Le Dame\" \/>\t\t\t\t\t\t<\/a>\n\t\t\t\t\t\t\t\t\t<\/div>\n\n\t\t\t\t<div class=\"accommodation-block-content\">\n\t\t\t\t\t<h4><a href=\"https:\/\/cadelgrano.it\/en\/accommodation\/le-dame-room\/\" rel=\"bookmark\" title=\"Le Dame\">Le Dame<\/a><\/h4>\n\t\t\t\t\t<div class=\"title-block-2\"><\/div>\n\n\t\t\t\t\t\t\t\t\t\t\n\t\t\t\t\tDeluxe tripla room <br><br><ul class=\"list-style4\"><li>Guests: 4 Persons<\/li><li>Wifi: Included<\/li><li>CHILDREN 0-2 YEARS STAY FREE OF CHARGE<\/li><\/ul>\n\t\t\t\t\t<div class=\"shb-clearfix\">\n\t\t\t\t\t\t<a href=\"https:\/\/cadelgrano.it\/en\/accommodation\/le-dame-room\/\" class=\"price-button\">from \u20ac140 <\/a>\n\t\t\t\t\t\t<a href=\"https:\/\/cadelgrano.it\/en\/accommodation\/le-dame-room\/\" class=\"view-details-button\">View Details <i class=\"fa fa-angle-right\"><\/i><\/a>\n\t\t\t\t\t<\/div>\n\n\t\t\t\t<\/div>\n\n\t\t\t<!-- END .accommodation-block -->\n\t\t\t<\/div>\n\t\t\t\n\t\t\t\t\t\n\t\t\t<!-- BEGIN .accommodation-block -->\n\t\t\t<div class=\"accommodation-block shb-clearfix\">\n\n\t\t\t\t<div class=\"accommodation-block-image\">\n\t\t\t\t\t\t\t\t\t\t\t<a href=\"https:\/\/cadelgrano.it\/en\/accommodation\/i-cavalieri-room\/\" rel=\"bookmark\" title=\"I Cavalieri\">\n\t\t\t\t\t\t\t\t\t\t\t\t\t\t<img decoding=\"async\" src=\"https:\/\/cadelgrano.it\/wp-content\/uploads\/2018\/04\/Camera-I-Cavalieri-Ca-del-Grano-Albergo-Diffuso-Bardi.jpg\" alt=\"I Cavalieri\" \/>\t\t\t\t\t\t<\/a>\n\t\t\t\t\t\t\t\t\t<\/div>\n\n\t\t\t\t<div class=\"accommodation-block-content\">\n\t\t\t\t\t<h4><a href=\"https:\/\/cadelgrano.it\/en\/accommodation\/i-cavalieri-room\/\" rel=\"bookmark\" title=\"I Cavalieri\">I Cavalieri<\/a><\/h4>\n\t\t\t\t\t<div class=\"title-block-2\"><\/div>\n\n\t\t\t\t\t\t\t\t\t\t\n\t\t\t\t\tDeluxe tripla room <br><br><ul class=\"list-style4\"><li>Guests: 3 Persons<\/li><li>Wifi: Included<\/li><li>CHILDREN 0-2 YEARS STAY FREE OF CHARGE<\/li><\/ul>\n\t\t\t\t\t<div class=\"shb-clearfix\">\n\t\t\t\t\t\t<a href=\"https:\/\/cadelgrano.it\/en\/accommodation\/i-cavalieri-room\/\" class=\"price-button\">from \u20ac140 <\/a>\n\t\t\t\t\t\t<a href=\"https:\/\/cadelgrano.it\/en\/accommodation\/i-cavalieri-room\/\" class=\"view-details-button\">View Details <i class=\"fa fa-angle-right\"><\/i><\/a>\n\t\t\t\t\t<\/div>\n\n\t\t\t\t<\/div>\n\n\t\t\t<!-- END .accommodation-block -->\n\t\t\t<\/div>\n\t\t\t\n\t\t\t\t\n\t\t<!-- END .accommodation-block-wrapper -->\n\t\t<\/div>\n\t\t\n\t\t\n\t\t\t\t\n\t\t\t\n\t\t\t\t\n\t\t\t[\/vc_column][\/vc_row]<\/p>\n","protected":false},"excerpt":{"rendered":"<p>[vc_row css=&#8221;.vc_custom_1776419882314{margin-top: 40px !important;margin-bottom: 40px !important;}&#8221;][vc_column][\/vc_column][\/vc_row]<\/p>\n<a href=\"https:\/\/cadelgrano.it\/en\/accommodation\/i-cavalieri-room\/\" class=\"sohohotel-more-link\">Read More<i class=\"fa fa-angle-right\"><\/i><\/a>","protected":false},"author":1,"featured_media":0,"parent":0,"menu_order":0,"comment_status":"closed","ping_status":"closed","template":"","meta":{"footnotes":""},"class_list":["post-3343","page","type-page","status-publish","hentry"],"yoast_head":"<!-- This site is optimized with the Yoast SEO plugin v24.5 - https:\/\/yoast.com\/wordpress\/plugins\/seo\/ -->\n<title>Deluxe Tripla Room | Ca&#039; del Grano Albergo Diffuso | Bardi<\/title>\n<meta name=\"description\" content=\"Deluxe Triple Room at Ca\u2019 del Grano Bardi, ideal for families or small groups, offering comfortable and functional spaces for a pleasant stay.\" \/>\n<meta name=\"robots\" content=\"index, follow, max-snippet:-1, max-image-preview:large, max-video-preview:-1\" \/>\n<link rel=\"canonical\" href=\"https:\/\/cadelgrano.it\/en\/deluxe-tripla-room\/\" \/>\n<meta property=\"og:locale\" content=\"en_US\" \/>\n<meta property=\"og:type\" content=\"article\" \/>\n<meta property=\"og:title\" content=\"Val Ceno Valley | Ca\u2019 del Grano Albergo Diffuso | Bardi\" \/>\n<meta property=\"og:description\" content=\"Dominato dalla scenografica imponenza del suo celebre castello, Bardi \u00e8 un centro di villeggiatura estiva in posizione panoramica, ideale punto di partenza per piacevoli escursioni nella tranquillit\u00e0 del verde. La maestosit\u00e0 del castello, le valli che si estendono lungo l\u2019orizzonte, la tranquillit\u00e0 che caratterizza il borgo sono ingredienti fondamentali per chi vuole rilassarsi. Bardi \u00e8 conosciuto per la sua Fortezza, edificata da pi\u00f9 di mille anni sopra uno sperone di diaspro rosso, che sovrasta cosi il corso del fiume Ceno e raffigura la testimonianza del suo passato medioevale.\" \/>\n<meta property=\"og:url\" content=\"https:\/\/cadelgrano.it\/en\/deluxe-tripla-room\/\" \/>\n<meta property=\"og:site_name\" content=\"Ca&#039; del Grano\" \/>\n<meta property=\"og:image\" content=\"http:\/\/cadelgrano.it\/new\/wp-content\/uploads\/2018\/04\/ca-del-grano-albergo-diffuso-castello-di-bardi.jpg\" \/>\n<meta name=\"twitter:card\" content=\"summary_large_image\" \/>\n<meta name=\"twitter:title\" content=\"Val Ceno Valley | Ca\u2019 del Grano Albergo Diffuso | Bardi\" \/>\n<meta name=\"twitter:description\" content=\"Dominato dalla scenografica imponenza del suo celebre castello, Bardi \u00e8 un centro di villeggiatura estiva in posizione panoramica, ideale punto di partenza per piacevoli escursioni nella tranquillit\u00e0 del verde. La maestosit\u00e0 del castello, le valli che si estendono lungo l\u2019orizzonte, la tranquillit\u00e0 che caratterizza il borgo sono ingredienti fondamentali per chi vuole rilassarsi. Bardi \u00e8 conosciuto per la sua Fortezza, edificata da pi\u00f9 di mille anni sopra uno sperone di diaspro rosso, che sovrasta cosi il corso del fiume Ceno e raffigura la testimonianza del suo passato medioevale.\" \/>\n<meta name=\"twitter:image\" content=\"http:\/\/cadelgrano.it\/new\/wp-content\/uploads\/2018\/04\/ca-del-grano-albergo-diffuso-castello-di-bardi.jpg\" \/>\n<script type=\"application\/ld+json\" class=\"yoast-schema-graph\">{\"@context\":\"https:\/\/schema.org\",\"@graph\":[{\"@type\":\"WebPage\",\"@id\":\"https:\/\/cadelgrano.it\/en\/deluxe-tripla-room\/\",\"url\":\"https:\/\/cadelgrano.it\/en\/deluxe-tripla-room\/\",\"name\":\"Deluxe Tripla Room | Ca' del Grano Albergo Diffuso | Bardi\",\"isPartOf\":{\"@id\":\"https:\/\/cadelgrano.it\/#website\"},\"datePublished\":\"2026-04-20T08:27:39+00:00\",\"description\":\"Deluxe Triple Room at Ca\u2019 del Grano Bardi, ideal for families or small groups, offering comfortable and functional spaces for a pleasant stay.\",\"breadcrumb\":{\"@id\":\"https:\/\/cadelgrano.it\/en\/deluxe-tripla-room\/#breadcrumb\"},\"inLanguage\":\"en-US\",\"potentialAction\":[{\"@type\":\"ReadAction\",\"target\":[\"https:\/\/cadelgrano.it\/en\/deluxe-tripla-room\/\"]}]},{\"@type\":\"BreadcrumbList\",\"@id\":\"https:\/\/cadelgrano.it\/en\/deluxe-tripla-room\/#breadcrumb\",\"itemListElement\":[{\"@type\":\"ListItem\",\"position\":1,\"name\":\"Home\",\"item\":\"https:\/\/cadelgrano.it\/en\/\"},{\"@type\":\"ListItem\",\"position\":2,\"name\":\"Deluxe tripla Room\"}]},{\"@type\":\"WebSite\",\"@id\":\"https:\/\/cadelgrano.it\/#website\",\"url\":\"https:\/\/cadelgrano.it\/\",\"name\":\"Ca&#039; del Grano\",\"description\":\"Albergo Diffuso a Bardi in provincia di Parma\",\"potentialAction\":[{\"@type\":\"SearchAction\",\"target\":{\"@type\":\"EntryPoint\",\"urlTemplate\":\"https:\/\/cadelgrano.it\/?s={search_term_string}\"},\"query-input\":{\"@type\":\"PropertyValueSpecification\",\"valueRequired\":true,\"valueName\":\"search_term_string\"}}],\"inLanguage\":\"en-US\"}]}<\/script>\n<!-- \/ Yoast SEO plugin. -->","yoast_head_json":{"title":"Deluxe Tripla Room | Ca' del Grano Albergo Diffuso | Bardi","description":"Deluxe Triple Room at Ca\u2019 del Grano Bardi, ideal for families or small groups, offering comfortable and functional spaces for a pleasant stay.","robots":{"index":"index","follow":"follow","max-snippet":"max-snippet:-1","max-image-preview":"max-image-preview:large","max-video-preview":"max-video-preview:-1"},"canonical":"https:\/\/cadelgrano.it\/en\/deluxe-tripla-room\/","og_locale":"en_US","og_type":"article","og_title":"Val Ceno Valley | Ca\u2019 del Grano Albergo Diffuso | Bardi","og_description":"Dominato dalla scenografica imponenza del suo celebre castello, Bardi \u00e8 un centro di villeggiatura estiva in posizione panoramica, ideale punto di partenza per piacevoli escursioni nella tranquillit\u00e0 del verde. La maestosit\u00e0 del castello, le valli che si estendono lungo l\u2019orizzonte, la tranquillit\u00e0 che caratterizza il borgo sono ingredienti fondamentali per chi vuole rilassarsi. Bardi \u00e8 conosciuto per la sua Fortezza, edificata da pi\u00f9 di mille anni sopra uno sperone di diaspro rosso, che sovrasta cosi il corso del fiume Ceno e raffigura la testimonianza del suo passato medioevale.","og_url":"https:\/\/cadelgrano.it\/en\/deluxe-tripla-room\/","og_site_name":"Ca&#039; del Grano","og_image":[{"url":"http:\/\/cadelgrano.it\/new\/wp-content\/uploads\/2018\/04\/ca-del-grano-albergo-diffuso-castello-di-bardi.jpg","type":"","width":"","height":""}],"twitter_card":"summary_large_image","twitter_title":"Val Ceno Valley | Ca\u2019 del Grano Albergo Diffuso | Bardi","twitter_description":"Dominato dalla scenografica imponenza del suo celebre castello, Bardi \u00e8 un centro di villeggiatura estiva in posizione panoramica, ideale punto di partenza per piacevoli escursioni nella tranquillit\u00e0 del verde. La maestosit\u00e0 del castello, le valli che si estendono lungo l\u2019orizzonte, la tranquillit\u00e0 che caratterizza il borgo sono ingredienti fondamentali per chi vuole rilassarsi. Bardi \u00e8 conosciuto per la sua Fortezza, edificata da pi\u00f9 di mille anni sopra uno sperone di diaspro rosso, che sovrasta cosi il corso del fiume Ceno e raffigura la testimonianza del suo passato medioevale.","twitter_image":"http:\/\/cadelgrano.it\/new\/wp-content\/uploads\/2018\/04\/ca-del-grano-albergo-diffuso-castello-di-bardi.jpg","schema":{"@context":"https:\/\/schema.org","@graph":[{"@type":"WebPage","@id":"https:\/\/cadelgrano.it\/en\/deluxe-tripla-room\/","url":"https:\/\/cadelgrano.it\/en\/deluxe-tripla-room\/","name":"Deluxe Tripla Room | Ca' del Grano Albergo Diffuso | Bardi","isPartOf":{"@id":"https:\/\/cadelgrano.it\/#website"},"datePublished":"2026-04-20T08:27:39+00:00","description":"Deluxe Triple Room at Ca\u2019 del Grano Bardi, ideal for families or small groups, offering comfortable and functional spaces for a pleasant stay.","breadcrumb":{"@id":"https:\/\/cadelgrano.it\/en\/deluxe-tripla-room\/#breadcrumb"},"inLanguage":"en-US","potentialAction":[{"@type":"ReadAction","target":["https:\/\/cadelgrano.it\/en\/deluxe-tripla-room\/"]}]},{"@type":"BreadcrumbList","@id":"https:\/\/cadelgrano.it\/en\/deluxe-tripla-room\/#breadcrumb","itemListElement":[{"@type":"ListItem","position":1,"name":"Home","item":"https:\/\/cadelgrano.it\/en\/"},{"@type":"ListItem","position":2,"name":"Deluxe tripla Room"}]},{"@type":"WebSite","@id":"https:\/\/cadelgrano.it\/#website","url":"https:\/\/cadelgrano.it\/","name":"Ca&#039; del Grano","description":"Albergo Diffuso a Bardi in provincia di Parma","potentialAction":[{"@type":"SearchAction","target":{"@type":"EntryPoint","urlTemplate":"https:\/\/cadelgrano.it\/?s={search_term_string}"},"query-input":{"@type":"PropertyValueSpecification","valueRequired":true,"valueName":"search_term_string"}}],"inLanguage":"en-US"}]}},"_links":{"self":[{"href":"https:\/\/cadelgrano.it\/en\/wp-json\/wp\/v2\/pages\/3343","targetHints":{"allow":["GET"]}}],"collection":[{"href":"https:\/\/cadelgrano.it\/en\/wp-json\/wp\/v2\/pages"}],"about":[{"href":"https:\/\/cadelgrano.it\/en\/wp-json\/wp\/v2\/types\/page"}],"author":[{"embeddable":true,"href":"https:\/\/cadelgrano.it\/en\/wp-json\/wp\/v2\/users\/1"}],"replies":[{"embeddable":true,"href":"https:\/\/cadelgrano.it\/en\/wp-json\/wp\/v2\/comments?post=3343"}],"version-history":[{"count":1,"href":"https:\/\/cadelgrano.it\/en\/wp-json\/wp\/v2\/pages\/3343\/revisions"}],"predecessor-version":[{"id":3344,"href":"https:\/\/cadelgrano.it\/en\/wp-json\/wp\/v2\/pages\/3343\/revisions\/3344"}],"wp:attachment":[{"href":"https:\/\/cadelgrano.it\/en\/wp-json\/wp\/v2\/media?parent=3343"}],"curies":[{"name":"wp","href":"https:\/\/api.w.org\/{rel}","templated":true}]}}